{"id":8,"date":"2018-04-25T09:16:16","date_gmt":"2018-04-25T12:16:16","guid":{"rendered":"https:\/\/demo.themefreesia.com\/photograph\/?page_id=8"},"modified":"2023-04-26T01:17:36","modified_gmt":"2023-04-26T04:17:36","slug":"sobre-mim","status":"publish","type":"page","link":"https:\/\/jhansen.com.br\/index.php\/sobre-mim\/","title":{"rendered":"Sobre mim"},"content":{"rendered":"<h2>Prazer&#8230; Jhansen, criador de imagens!<\/h2>\n<p>Eu sou um criador de imagens, um contador de hist\u00f3rias visual em busca de &#8220;capturar&#8221; momentos. Vejo o mundo como uma tela, e minhas c\u00e2meras s\u00e3o os meus pinc\u00e9is. N\u00e3o sou apenas um fot\u00f3grafo, sou um curioso, um brincalh\u00e3o, que usa o pr\u00f3prio bom humor, a curiosidade e um certo desapego \u00e0s conven\u00e7\u00f5es na busca de imagens que te contem, te mostrem algo que voc\u00ea sozinho talvez n\u00e3o visse \/ observasse \/ imaginasse&#8230;<\/p>\n<p>Minha c\u00e2mera \u00e9 minha varinha e minha lente \u00e9 minha bola de cristal. Eu os uso para capturar a magia da vida cotidiana, a ess\u00eancia das emo\u00e7\u00f5es e a beleza da simplicidade. Estou sempre em busca do inesperado, do extraordin\u00e1rio e do capricho, porque s\u00e3o esses momentos que realmente fazem a vida valer a pena.<\/p>\n<p>Como criador de imagens, n\u00e3o sou apenas um documentarista. Me considero um artista. Eu n\u00e3o apenas tiro fotos, eu crio mem\u00f3rias. Minhas imagens contam hist\u00f3rias, evocam emo\u00e7\u00f5es e capturam a ess\u00eancia da experi\u00eancia humana. Quer esteja fotografando paisagens, retratos ou naturezas mortas, sempre me esfor\u00e7o para criar algo que seja visualmente deslumbrante e emocionalmente ressonante.<\/p>\n<p>Estou aqui para criar imagens de tirar o f\u00f4lego, encher seu cora\u00e7\u00e3o de alegria e capturar a beleza da vida em todas as suas maravilhas. Vamos fazer m\u00e1gica juntos!<\/p>\n<p>Jhansen<\/p>\n","protected":false},"excerpt":{"rendered":"<p>Prazer&#8230; Jhansen, criador de imagens! Eu sou um criador de imagens, um contador de hist\u00f3rias visual em busca de &#8220;capturar&#8221; momentos. Vejo o mundo como&hellip; <\/p>\n","protected":false},"author":1,"featured_media":34,"parent":0,"menu_order":0,"comment_status":"closed","ping_status":"closed","template":"page-templates\/aboutus-template.php","meta":{"footnotes":""},"class_list":["post-8","page","type-page","status-publish","has-post-thumbnail","hentry"],"jetpack_sharing_enabled":true,"_links":{"self":[{"href":"https:\/\/jhansen.com.br\/index.php\/wp-json\/wp\/v2\/pages\/8","targetHints":{"allow":["GET"]}}],"collection":[{"href":"https:\/\/jhansen.com.br\/index.php\/wp-json\/wp\/v2\/pages"}],"about":[{"href":"https:\/\/jhansen.com.br\/index.php\/wp-json\/wp\/v2\/types\/page"}],"author":[{"embeddable":true,"href":"https:\/\/jhansen.com.br\/index.php\/wp-json\/wp\/v2\/users\/1"}],"replies":[{"embeddable":true,"href":"https:\/\/jhansen.com.br\/index.php\/wp-json\/wp\/v2\/comments?post=8"}],"version-history":[{"count":5,"href":"https:\/\/jhansen.com.br\/index.php\/wp-json\/wp\/v2\/pages\/8\/revisions"}],"predecessor-version":[{"id":322,"href":"https:\/\/jhansen.com.br\/index.php\/wp-json\/wp\/v2\/pages\/8\/revisions\/322"}],"wp:featuredmedia":[{"embeddable":true,"href":"https:\/\/jhansen.com.br\/index.php\/wp-json\/wp\/v2\/media\/34"}],"wp:attachment":[{"href":"https:\/\/jhansen.com.br\/index.php\/wp-json\/wp\/v2\/media?parent=8"}],"curies":[{"name":"wp","href":"https:\/\/api.w.org\/{rel}","templated":true}]}}